{"id":3,"date":"2019-07-02T10:25:45","date_gmt":"2019-07-02T10:25:45","guid":{"rendered":"https:\/\/www.grg10laaerberg.at\/?page_id=3"},"modified":"2019-09-10T15:23:08","modified_gmt":"2019-09-10T14:23:08","slug":"privacy-policy","status":"publish","type":"page","link":"https:\/\/www.grg10laaerberg.at\/index.php\/privacy-policy\/","title":{"rendered":"Privacy Policy"},"content":{"rendered":"<h2>Wer wir sind:<\/h2>\n<p>Diese Policy gilt f\u00fcr Inhalte auf www.grg10laaerberg.at, der Schulhomepage des GRG 10.<\/p>\n<h2>Welche personenbezogenen Daten wir sammeln und warum wir sie sammeln<\/h2>\n<p>Von Besuchern dieser Website werden keine personenbezogenen Daten gesammelt, ausgenommen Verbindungsdaten wie IP-Adresse und verwendeter Browser. Es werden keine Daten an Drittanbieter weitergegeben. Die hier gezeigten Bilder sind aufgrund der Einverst\u00e4ndniserkl\u00e4rungen der Erziehungsberechtigten hochgeladen. Sollten sie diesbez\u00fcglich Fragen haben oder ein Bild entfernt w\u00fcnschen, so wenden Sie sich bitte an das <a href=\"https:\/\/www.grg10laaerberg.at\/index.php\/servive\/\">Sekretariat<\/a>.<\/p>\n<h2>Wie lange wir personenbezogene Daten speichern<\/h2>\n<p>Verbindungsdaten werden im allgemeinen sechs Monate lang in sogenannten Server &#8211; Logs vorgehalten, um bei der Diagnose von technischen- und Sicherheitsproblemen helfen zu k\u00f6nnen. Statistische Daten werden unbegrenzt gespeichert.<\/p>\n<h2>Kontakt<\/h2>\n<p>Bei datenschutzrechtlichen Fragen oder Problemen wenden Sie sich bitte an das <a href=\"https:\/\/www.grg10laaerberg.at\/index.php\/servive\/\">Sekretariat<\/a>.<\/p>\n<p>&nbsp;<\/p>\n<p>&nbsp;<\/p>\n","protected":false},"excerpt":{"rendered":"<p>Wer wir sind: Diese Policy gilt f\u00fcr Inhalte auf www.grg10laaerberg.at, der Schulhomepage des GRG 10. Welche personenbezogenen Daten wir sammeln und warum wir sie sammeln Von Besuchern dieser Website werden\u2026 <a href=\"https:\/\/www.grg10laaerberg.at\/index.php\/privacy-policy\/\" class=\"read-more-link\">weiterlesen &rarr;<\/a><\/p>\n","protected":false},"author":1,"featured_media":0,"parent":0,"menu_order":0,"comment_status":"closed","ping_status":"open","template":"","meta":{"ngg_post_thumbnail":0,"footnotes":""},"class_list":["post-3","page","type-page","status-publish","hentry"],"publishpress_future_action":{"enabled":false,"date":"2026-05-10 10:42:08","action":"change-status","newStatus":"draft","terms":[],"taxonomy":"","extraData":[]},"publishpress_future_workflow_manual_trigger":{"enabledWorkflows":[]},"_links":{"self":[{"href":"https:\/\/www.grg10laaerberg.at\/index.php\/wp-json\/wp\/v2\/pages\/3","targetHints":{"allow":["GET"]}}],"collection":[{"href":"https:\/\/www.grg10laaerberg.at\/index.php\/wp-json\/wp\/v2\/pages"}],"about":[{"href":"https:\/\/www.grg10laaerberg.at\/index.php\/wp-json\/wp\/v2\/types\/page"}],"author":[{"embeddable":true,"href":"https:\/\/www.grg10laaerberg.at\/index.php\/wp-json\/wp\/v2\/users\/1"}],"replies":[{"embeddable":true,"href":"https:\/\/www.grg10laaerberg.at\/index.php\/wp-json\/wp\/v2\/comments?post=3"}],"version-history":[{"count":2,"href":"https:\/\/www.grg10laaerberg.at\/index.php\/wp-json\/wp\/v2\/pages\/3\/revisions"}],"predecessor-version":[{"id":73648,"href":"https:\/\/www.grg10laaerberg.at\/index.php\/wp-json\/wp\/v2\/pages\/3\/revisions\/73648"}],"wp:attachment":[{"href":"https:\/\/www.grg10laaerberg.at\/index.php\/wp-json\/wp\/v2\/media?parent=3"}],"curies":[{"name":"wp","href":"https:\/\/api.w.org\/{rel}","templated":true}]}}