{"id":35658,"date":"2019-07-22T14:28:27","date_gmt":"2019-07-22T13:28:27","guid":{"rendered":"https:\/\/www.grg10laaerberg.at\/?page_id=35658"},"modified":"2020-09-16T14:23:14","modified_gmt":"2020-09-16T13:23:14","slug":"kooperation","status":"publish","type":"page","link":"https:\/\/www.grg10laaerberg.at\/index.php\/kooperation\/","title":{"rendered":"Kooperation"},"content":{"rendered":"<p>&nbsp;<\/p>\n<div class=\"one_half\">\n<div class=\"teaser\">\n<div class='teaser-img'><img src='https:\/\/www.grg10laaerberg.at\/wp-content\/uploads\/2019\/07\/teaser1A.png' \/><\/div>\n<h2>Sponsoren<\/h2>\n<p>Hier finden sie unsere Sponsoren, welche unseren Bildungsauftrag gro\u00dfz\u00fcgig unterst\u00fctzen<\/p>\n<p><a href=\"https:\/\/www.grg10laaerberg.at\/index.php\/servive\/kooperation\/sponsoren\/\">Mehr Erfahren&#8230;<\/a><\/p>\n<\/div>\n<\/div>\n<div class=\"one_half last\">\n<div class=\"teaser\">\n<div class='teaser-img'><img src='https:\/\/www.grg10laaerberg.at\/wp-content\/uploads\/2019\/07\/teaser1A.png' \/><\/div>\n<h2>VHS<\/h2>\n<p>Unsere Kooperation mit den Volkshochschulen<\/p>\n<p><a href=\"https:\/\/www.grg10laaerberg.at\/index.php\/servive\/kooperation\/vhs\/\">Mehr Erfahren&#8230;<\/a><\/p>\n<\/div>\n<\/div>\n<div class=\"clear\"><\/div>\n","protected":false},"excerpt":{"rendered":"<p>&nbsp; Sponsoren Hier finden sie unsere Sponsoren, welche unseren Bildungsauftrag gro\u00dfz\u00fcgig unterst\u00fctzen Mehr Erfahren&#8230; VHS Unsere Kooperation mit den Volkshochschulen Mehr Erfahren&#8230;<\/p>\n","protected":false},"author":2,"featured_media":0,"parent":0,"menu_order":5,"comment_status":"closed","ping_status":"closed","template":"page-sidebar-left.php","meta":{"ngg_post_thumbnail":0,"footnotes":""},"class_list":["post-35658","page","type-page","status-publish","hentry"],"publishpress_future_action":{"enabled":false,"date":"2026-05-22 11:37:30","action":"change-status","newStatus":"draft","terms":[],"taxonomy":"","extraData":[]},"publishpress_future_workflow_manual_trigger":{"enabledWorkflows":[]},"_links":{"self":[{"href":"https:\/\/www.grg10laaerberg.at\/index.php\/wp-json\/wp\/v2\/pages\/35658","targetHints":{"allow":["GET"]}}],"collection":[{"href":"https:\/\/www.grg10laaerberg.at\/index.php\/wp-json\/wp\/v2\/pages"}],"about":[{"href":"https:\/\/www.grg10laaerberg.at\/index.php\/wp-json\/wp\/v2\/types\/page"}],"author":[{"embeddable":true,"href":"https:\/\/www.grg10laaerberg.at\/index.php\/wp-json\/wp\/v2\/users\/2"}],"replies":[{"embeddable":true,"href":"https:\/\/www.grg10laaerberg.at\/index.php\/wp-json\/wp\/v2\/comments?post=35658"}],"version-history":[{"count":4,"href":"https:\/\/www.grg10laaerberg.at\/index.php\/wp-json\/wp\/v2\/pages\/35658\/revisions"}],"predecessor-version":[{"id":274849,"href":"https:\/\/www.grg10laaerberg.at\/index.php\/wp-json\/wp\/v2\/pages\/35658\/revisions\/274849"}],"wp:attachment":[{"href":"https:\/\/www.grg10laaerberg.at\/index.php\/wp-json\/wp\/v2\/media?parent=35658"}],"curies":[{"name":"wp","href":"https:\/\/api.w.org\/{rel}","templated":true}]}}